{"id":18,"date":"2026-04-02T09:08:25","date_gmt":"2026-04-02T09:08:25","guid":{"rendered":"https:\/\/mintcream-mole-779108.hostingersite.com\/?page_id=18"},"modified":"2026-04-14T17:50:36","modified_gmt":"2026-04-14T17:50:36","slug":"download","status":"publish","type":"page","link":"https:\/\/boiliemakerstudio.com\/de\/download\/","title":{"rendered":"Herunterladen"},"content":{"rendered":"<div data-elementor-type=\"wp-page\" data-elementor-id=\"18\" class=\"elementor elementor-18\">\n\t\t\t\t<div class=\"elementor-element elementor-element-d22b1e3 e-con-full e-flex e-con e-parent\" data-id=\"d22b1e3\" data-element_type=\"container\" data-e-type=\"container\" data-settings=\"{&quot;background_background&quot;:&quot;classic&quot;}\">\n\t\t\t\t<div class=\"elementor-element elementor-element-6cbbd78 animated-slow elementor-invisible elementor-widget elementor-widget-heading\" data-id=\"6cbbd78\" data-element_type=\"widget\" data-e-type=\"widget\" data-settings=\"{&quot;_animation&quot;:&quot;fadeIn&quot;}\" data-widget_type=\"heading.default\">\n\t\t\t\t\t<h2 class=\"elementor-heading-title elementor-size-default\">Boilie Maker Studio herunterladen<\/h2>\t\t\t\t<\/div>\n\t\t\t\t<div class=\"elementor-element elementor-element-5f06cad animated-slow elementor-invisible elementor-widget elementor-widget-text-editor\" data-id=\"5f06cad\" data-element_type=\"widget\" data-e-type=\"widget\" data-settings=\"{&quot;_animation&quot;:&quot;fadeIn&quot;,&quot;_animation_delay&quot;:500}\" data-widget_type=\"text-editor.default\">\n\t\t\t\t\t\t\t\t\t<p>Die komplette Plattform f\u00fcr K\u00f6derformulierung und Produktion.<\/p>\t\t\t\t\t\t\t\t<\/div>\n\t\t\t\t<\/div>\n\t\t<div class=\"elementor-element elementor-element-b9b0717 e-flex e-con-boxed e-con e-parent\" data-id=\"b9b0717\" data-element_type=\"container\" data-e-type=\"container\">\n\t\t\t\t\t<div class=\"e-con-inner\">\n\t\t<div class=\"elementor-element elementor-element-4e6f269 e-con-full e-flex e-con e-child\" data-id=\"4e6f269\" data-element_type=\"container\" data-e-type=\"container\">\n\t\t\t\t<div class=\"elementor-element elementor-element-41d769f elementor-align-center elementor-widget elementor-widget-button\" data-id=\"41d769f\" data-element_type=\"widget\" data-e-type=\"widget\" data-widget_type=\"button.default\">\n\t\t\t\t\t\t\t\t\t\t<a class=\"elementor-button elementor-button-link elementor-size-sm elementor-animation-grow\" href=\"https:\/\/boiliemakerstudio.com\/de\/?sdm_process_download=1&#038;download_id=804\">\n\t\t\t\t\t\t<span class=\"elementor-button-content-wrapper\">\n\t\t\t\t\t\t\t\t\t<span class=\"elementor-button-text\">Download for windows<\/span>\n\t\t\t\t\t<\/span>\n\t\t\t\t\t<\/a>\n\t\t\t\t\t\t\t\t<\/div>\n\t\t\t\t<div class=\"elementor-element elementor-element-d5b3be2 elementor-widget elementor-widget-text-editor\" data-id=\"d5b3be2\" data-element_type=\"widget\" data-e-type=\"widget\" data-widget_type=\"text-editor.default\">\n\t\t\t\t\t\t\t\t\t<p>Open Beta 0.9.2 \u2022 Windows 64-bit \u2022 Free during beta<\/p>\t\t\t\t\t\t\t\t<\/div>\n\t\t\t\t<\/div>\n\t\t<div class=\"elementor-element elementor-element-8f30fe6 e-con-full e-flex e-con e-child\" data-id=\"8f30fe6\" data-element_type=\"container\" data-e-type=\"container\">\n\t\t\t\t<div class=\"elementor-element elementor-element-abbe6cc elementor-widget elementor-widget-heading\" data-id=\"abbe6cc\" data-element_type=\"widget\" data-e-type=\"widget\" data-widget_type=\"heading.default\">\n\t\t\t\t\t<h2 class=\"elementor-heading-title elementor-size-default\">System Requirements<\/h2>\t\t\t\t<\/div>\n\t\t\t\t<div class=\"elementor-element elementor-element-cf2bcd8 elementor-widget elementor-widget-text-editor\" data-id=\"cf2bcd8\" data-element_type=\"widget\" data-e-type=\"widget\" data-widget_type=\"text-editor.default\">\n\t\t\t\t\t\t\t\t\t<p>Windows 10 or newer<br \/>64-bit system<br \/>4 GB RAM minimum<br \/>Internet connection for updates<\/p>\t\t\t\t\t\t\t\t<\/div>\n\t\t\t\t<\/div>\n\t\t\t\t\t<\/div>\n\t\t\t\t<\/div>\n\t\t<div class=\"elementor-element elementor-element-d3d7918 e-flex e-con-boxed e-con e-parent\" data-id=\"d3d7918\" data-element_type=\"container\" data-e-type=\"container\">\n\t\t\t\t\t<div class=\"e-con-inner\">\n\t\t<div class=\"elementor-element elementor-element-93c9094 e-con-full e-flex e-con e-child\" data-id=\"93c9094\" data-element_type=\"container\" data-e-type=\"container\">\n\t\t\t\t<div class=\"elementor-element elementor-element-5d2ae05 elementor-widget elementor-widget-text-editor\" data-id=\"5d2ae05\" data-element_type=\"widget\" data-e-type=\"widget\" data-widget_type=\"text-editor.default\">\n\t\t\t\t\t\t\t\t\t<p>Windows SmartScreen Notice<\/p><p>Because Boilie Maker Studio is a new application and not yet digitally signed, Windows may show a security warning on first launch.<\/p><p>This is normal for new software.<\/p><p>The application is safe and developed by Boilie Maker Studio.<\/p>\t\t\t\t\t\t\t\t<\/div>\n\t\t\t\t<\/div>\n\t\t<div class=\"elementor-element elementor-element-9390eb9 e-con-full e-flex e-con e-child\" data-id=\"9390eb9\" data-element_type=\"container\" data-e-type=\"container\">\n\t\t\t\t<div class=\"elementor-element elementor-element-9a6bfd0 elementor-widget elementor-widget-text-editor\" data-id=\"9a6bfd0\" data-element_type=\"widget\" data-e-type=\"widget\" data-widget_type=\"text-editor.default\">\n\t\t\t\t\t\t\t\t\t<p>Installation Steps<\/p><p>1. Download the installer<br \/>2. Open the file<br \/>3. If Windows shows a warning:<br \/>\u2192 Click &#8220;More info&#8221;<br \/>\u2192 Click &#8220;Run anyway&#8221;<br \/>4. Follow the setup<\/p>\t\t\t\t\t\t\t\t<\/div>\n\t\t\t\t<\/div>\n\t\t\t\t\t<\/div>\n\t\t\t\t<\/div>\n\t\t<div class=\"elementor-element elementor-element-2bfac8d e-flex e-con-boxed e-con e-parent\" data-id=\"2bfac8d\" data-element_type=\"container\" data-e-type=\"container\">\n\t\t\t\t\t<div class=\"e-con-inner\">\n\t\t\t\t<div class=\"elementor-element elementor-element-ae546d8 elementor-widget elementor-widget-text-editor\" data-id=\"ae546d8\" data-element_type=\"widget\" data-e-type=\"widget\" data-widget_type=\"text-editor.default\">\n\t\t\t\t\t\t\t\t\t<p>Alles, was Sie brauchen, um K\u00f6derrezepte auf einer einzigen Plattform zu formulieren, zu analysieren und zu verbessern.<\/p>\t\t\t\t\t\t\t\t<\/div>\n\t\t\t\t\t<\/div>\n\t\t\t\t<\/div>\n\t\t<div class=\"elementor-element elementor-element-36a9289 e-flex e-con-boxed e-con e-parent\" data-id=\"36a9289\" data-element_type=\"container\" data-e-type=\"container\">\n\t\t\t\t\t<div class=\"e-con-inner\">\n\t\t\t\t<div class=\"elementor-element elementor-element-cbb3cc3 elementor-widget elementor-widget-heading\" data-id=\"cbb3cc3\" data-element_type=\"widget\" data-e-type=\"widget\" data-widget_type=\"heading.default\">\n\t\t\t\t\t<h2 class=\"elementor-heading-title elementor-size-default\">Warum Boilie Maker Studio?<\/h2>\t\t\t\t<\/div>\n\t\t\t\t<div class=\"elementor-element elementor-element-c63383e elementor-widget elementor-widget-text-editor\" data-id=\"c63383e\" data-element_type=\"widget\" data-e-type=\"widget\" data-widget_type=\"text-editor.default\">\n\t\t\t\t\t\t\t\t\t<p>Alles, was Sie brauchen, um K\u00f6derrezepte auf einer einzigen Plattform zu formulieren, zu analysieren und zu verbessern.<\/p>\t\t\t\t\t\t\t\t<\/div>\n\t\t<div class=\"elementor-element elementor-element-c17d198 e-con-full e-flex e-con e-child\" data-id=\"c17d198\" data-element_type=\"container\" data-e-type=\"container\">\n\t\t<div class=\"elementor-element elementor-element-370af47 e-con-full e-transform e-flex e-con e-child\" data-id=\"370af47\" data-element_type=\"container\" data-e-type=\"container\" data-settings=\"{&quot;background_background&quot;:&quot;classic&quot;,&quot;_transform_scale_effect_hover&quot;:{&quot;unit&quot;:&quot;px&quot;,&quot;size&quot;:1.1,&quot;sizes&quot;:[]},&quot;_transform_scale_effect_hover_tablet&quot;:{&quot;unit&quot;:&quot;px&quot;,&quot;size&quot;:&quot;&quot;,&quot;sizes&quot;:[]},&quot;_transform_scale_effect_hover_mobile&quot;:{&quot;unit&quot;:&quot;px&quot;,&quot;size&quot;:&quot;&quot;,&quot;sizes&quot;:[]}}\">\n\t\t\t\t<div class=\"elementor-element elementor-element-e81c405 elementor-widget elementor-widget-heading\" data-id=\"e81c405\" data-element_type=\"widget\" data-e-type=\"widget\" data-widget_type=\"heading.default\">\n\t\t\t\t\t<h2 class=\"elementor-heading-title elementor-size-default\">Optimierungstools<\/h2>\t\t\t\t<\/div>\n\t\t\t\t<div class=\"elementor-element elementor-element-4ff61f4 elementor-widget elementor-widget-text-editor\" data-id=\"4ff61f4\" data-element_type=\"widget\" data-e-type=\"widget\" data-widget_type=\"text-editor.default\">\n\t\t\t\t\t\t\t\t\t<p>Verbessern Sie Formulierungen mithilfe der Boilie Maker Studio Intelligence Engine und intelligenterer Rezeptanpassungen.<\/p>\t\t\t\t\t\t\t\t<\/div>\n\t\t\t\t<\/div>\n\t\t<div class=\"elementor-element elementor-element-9a546c5 e-con-full e-transform e-flex e-con e-child\" data-id=\"9a546c5\" data-element_type=\"container\" data-e-type=\"container\" data-settings=\"{&quot;background_background&quot;:&quot;classic&quot;,&quot;_transform_scale_effect_hover&quot;:{&quot;unit&quot;:&quot;px&quot;,&quot;size&quot;:1.1,&quot;sizes&quot;:[]},&quot;_transform_scale_effect_hover_tablet&quot;:{&quot;unit&quot;:&quot;px&quot;,&quot;size&quot;:&quot;&quot;,&quot;sizes&quot;:[]},&quot;_transform_scale_effect_hover_mobile&quot;:{&quot;unit&quot;:&quot;px&quot;,&quot;size&quot;:&quot;&quot;,&quot;sizes&quot;:[]}}\">\n\t\t\t\t<div class=\"elementor-element elementor-element-d386dcf elementor-widget elementor-widget-heading\" data-id=\"d386dcf\" data-element_type=\"widget\" data-e-type=\"widget\" data-widget_type=\"heading.default\">\n\t\t\t\t\t<h2 class=\"elementor-heading-title elementor-size-default\">Rezeptformulierung<\/h2>\t\t\t\t<\/div>\n\t\t\t\t<div class=\"elementor-element elementor-element-91e3e2b elementor-widget elementor-widget-text-editor\" data-id=\"91e3e2b\" data-element_type=\"widget\" data-e-type=\"widget\" data-widget_type=\"text-editor.default\">\n\t\t\t\t\t\t\t\t\t<p>Erstellen und verwalten Sie K\u00f6derrezepte mit pr\u00e4ziser Kontrolle \u00fcber Zutaten, Prozentwerte und Mischungsstruktur.<\/p>\t\t\t\t\t\t\t\t<\/div>\n\t\t\t\t<\/div>\n\t\t<div class=\"elementor-element elementor-element-1ad312c e-con-full e-transform e-flex e-con e-child\" data-id=\"1ad312c\" data-element_type=\"container\" data-e-type=\"container\" data-settings=\"{&quot;background_background&quot;:&quot;classic&quot;,&quot;_transform_scale_effect_hover&quot;:{&quot;unit&quot;:&quot;px&quot;,&quot;size&quot;:1.1,&quot;sizes&quot;:[]},&quot;_transform_scale_effect_hover_tablet&quot;:{&quot;unit&quot;:&quot;px&quot;,&quot;size&quot;:&quot;&quot;,&quot;sizes&quot;:[]},&quot;_transform_scale_effect_hover_mobile&quot;:{&quot;unit&quot;:&quot;px&quot;,&quot;size&quot;:&quot;&quot;,&quot;sizes&quot;:[]}}\">\n\t\t\t\t<div class=\"elementor-element elementor-element-7a318c2 elementor-widget elementor-widget-heading\" data-id=\"7a318c2\" data-element_type=\"widget\" data-e-type=\"widget\" data-widget_type=\"heading.default\">\n\t\t\t\t\t<h2 class=\"elementor-heading-title elementor-size-default\">Intelligence-Analyse<\/h2>\t\t\t\t<\/div>\n\t\t\t\t<div class=\"elementor-element elementor-element-f60e08d elementor-widget elementor-widget-text-editor\" data-id=\"f60e08d\" data-element_type=\"widget\" data-e-type=\"widget\" data-widget_type=\"text-editor.default\">\n\t\t\t\t\t\t\t\t\t<p>Bewerten Sie Struktur, Attraktivit\u00e4t, Verdaulichkeit, Leckage und das gesamte K\u00f6derverhalten mit tiefergehenden Einblicken.<\/p>\t\t\t\t\t\t\t\t<\/div>\n\t\t\t\t<\/div>\n\t\t\t\t<\/div>\n\t\t\t\t\t<\/div>\n\t\t\t\t<\/div>\n\t\t<div class=\"elementor-element elementor-element-92916f9 e-flex e-con-boxed e-con e-parent\" data-id=\"92916f9\" data-element_type=\"container\" data-e-type=\"container\">\n\t\t\t\t\t<div class=\"e-con-inner\">\n\t\t<div class=\"elementor-element elementor-element-4eff393 e-con-full e-flex e-con e-child\" data-id=\"4eff393\" data-element_type=\"container\" data-e-type=\"container\">\n\t\t\t\t<div class=\"elementor-element elementor-element-153dce1 elementor-widget elementor-widget-text-editor\" data-id=\"153dce1\" data-element_type=\"widget\" data-e-type=\"widget\" data-widget_type=\"text-editor.default\">\n\t\t\t\t\t\t\t\t\t<p><br \/>Ihr Feedback tr\u00e4gt direkt zur Verbesserung des Systems und zur Gestaltung zuk\u00fcnftiger Funktionen bei.<\/p>\t\t\t\t\t\t\t\t<\/div>\n\t\t\t\t<div class=\"elementor-element elementor-element-ab602d8 elementor-widget elementor-widget-text-editor\" data-id=\"ab602d8\" data-element_type=\"widget\" data-e-type=\"widget\" data-widget_type=\"text-editor.default\">\n\t\t\t\t\t\t\t\t\t<h3>Open Beta<\/h3><p>Boilie Maker Studio befindet sich derzeit in der offenen Beta-Phase. Das bedeutet, dass die Software vollst\u00e4ndig funktionsf\u00e4hig und zum Testen verf\u00fcgbar ist, w\u00e4hrend sie weiterhin verfeinert wird.<\/p><p>W\u00e4hrend der Beta-Phase kann die App 30 Tage lang kostenlos genutzt werden. So haben Sie die M\u00f6glichkeit, alle Funktionen zu testen, Rezepte zu erstellen und zu beurteilen, wie gut sich das System in Ihren Arbeitsablauf bei der K\u00f6derherstellung einf\u00fcgt.<\/p><p>Nach 30 Tagen wechselt die App automatisch in den Nur-Lese-Modus. Sie k\u00f6nnen Ihre Daten weiterhin anzeigen, aber Bearbeitungs- und Produktionsfunktionen werden deaktiviert.<\/p><p>Sobald die stabile Version ver\u00f6ffentlicht wird, haben Nutzer die M\u00f6glichkeit, eine Lizenz zu erwerben. Je nach ben\u00f6tigtem Funktionsumfang stehen sowohl eine Standard- als auch eine Pro-Version zur Verf\u00fcgung.<\/p><p>Feedback w\u00e4hrend der Beta-Phase ist besonders wertvoll und hilft dabei, die endg\u00fcltige Version der Software mitzugestalten.<\/p>\t\t\t\t\t\t\t\t<\/div>\n\t\t\t\t<\/div>\n\t\t\t\t\t<\/div>\n\t\t\t\t<\/div>\n\t\t<div class=\"elementor-element elementor-element-937ce0b e-flex e-con-boxed e-con e-parent\" data-id=\"937ce0b\" data-element_type=\"container\" data-e-type=\"container\">\n\t\t\t\t\t<div class=\"e-con-inner\">\n\t\t<div class=\"elementor-element elementor-element-4fc6e14 e-con-full e-flex e-con e-child\" data-id=\"4fc6e14\" data-element_type=\"container\" data-e-type=\"container\">\n\t\t\t\t<div class=\"elementor-element elementor-element-ab983a9 elementor-widget elementor-widget-text-editor\" data-id=\"ab983a9\" data-element_type=\"widget\" data-e-type=\"widget\" data-widget_type=\"text-editor.default\">\n\t\t\t\t\t\t\t\t\t<p>Developed by:<br \/>Dejan Radovic<\/p><p>\u00a0<\/p><p>Contact:<br \/>contact@boiliemakerstudio.com<\/p>\t\t\t\t\t\t\t\t<\/div>\n\t\t\t\t<\/div>\n\t\t<div class=\"elementor-element elementor-element-75d0818 e-con-full e-flex e-con e-child\" data-id=\"75d0818\" data-element_type=\"container\" data-e-type=\"container\">\n\t\t\t\t<\/div>\n\t\t\t\t\t<\/div>\n\t\t\t\t<\/div>\n\t\t\t\t<\/div>","protected":false},"excerpt":{"rendered":"<p>Download Boilie Maker Studio The complete bait formulation and production platform. Download for windows Open Beta 0.9.2 \u2022 Windows 64-bit \u2022 Free during beta System Requirements Windows 10 or newer64-bit system4 GB RAM minimumInternet connection for updates Windows SmartScreen Notice Because Boilie Maker Studio is a new application and not yet digitally signed, Windows may&hellip;&nbsp;<\/p>","protected":false},"author":1,"featured_media":0,"parent":0,"menu_order":0,"comment_status":"closed","ping_status":"closed","template":"page-templates\/template-pagebuilder-full-width.php","meta":{"_monsterinsights_skip_tracking":false,"_monsterinsights_sitenote_active":false,"_monsterinsights_sitenote_note":"","_monsterinsights_sitenote_category":0,"_uf_show_specific_survey":0,"_uf_disable_surveys":false,"neve_meta_sidebar":"","neve_meta_container":"","neve_meta_enable_content_width":"","neve_meta_content_width":0,"neve_meta_title_alignment":"","neve_meta_author_avatar":"","neve_post_elements_order":"","neve_meta_disable_header":"","neve_meta_disable_footer":"","neve_meta_disable_title":"","footnotes":""},"class_list":["post-18","page","type-page","status-publish","hentry"],"yoast_head":"<!-- This site is optimized with the Yoast SEO plugin v27.3 - https:\/\/yoast.com\/product\/yoast-seo-wordpress\/ -->\n<title>Download - Boilie Maker Studio<\/title>\n<meta name=\"robots\" content=\"index, follow, max-snippet:-1, max-image-preview:large, max-video-preview:-1\" \/>\n<link rel=\"canonical\" href=\"https:\/\/boiliemakerstudio.com\/de\/download\/\" \/>\n<meta property=\"og:locale\" content=\"de_DE\" \/>\n<meta property=\"og:type\" content=\"article\" \/>\n<meta property=\"og:title\" content=\"Download - Boilie Maker Studio\" \/>\n<meta property=\"og:description\" content=\"Download Boilie Maker Studio The complete bait formulation and production platform. Download for windows Open Beta 0.9.2 \u2022 Windows 64-bit \u2022 Free during beta System Requirements Windows 10 or newer64-bit system4 GB RAM minimumInternet connection for updates Windows SmartScreen Notice Because Boilie Maker Studio is a new application and not yet digitally signed, Windows may&hellip;&nbsp;\" \/>\n<meta property=\"og:url\" content=\"https:\/\/boiliemakerstudio.com\/de\/download\/\" \/>\n<meta property=\"og:site_name\" content=\"Boilie Maker Studio\" \/>\n<meta property=\"article:modified_time\" content=\"2026-04-14T17:50:36+00:00\" \/>\n<meta name=\"twitter:card\" content=\"summary_large_image\" \/>\n<meta name=\"twitter:label1\" content=\"Gesch\u00e4tzte Lesezeit\" \/>\n\t<meta name=\"twitter:data1\" content=\"2\u00a0Minuten\" \/>\n<script type=\"application\/ld+json\" class=\"yoast-schema-graph\">{\"@context\":\"https:\\\/\\\/schema.org\",\"@graph\":[{\"@type\":\"WebPage\",\"@id\":\"https:\\\/\\\/boiliemakerstudio.com\\\/download\\\/\",\"url\":\"https:\\\/\\\/boiliemakerstudio.com\\\/download\\\/\",\"name\":\"Download - Boilie Maker Studio\",\"isPartOf\":{\"@id\":\"https:\\\/\\\/boiliemakerstudio.com\\\/#website\"},\"datePublished\":\"2026-04-02T09:08:25+00:00\",\"dateModified\":\"2026-04-14T17:50:36+00:00\",\"breadcrumb\":{\"@id\":\"https:\\\/\\\/boiliemakerstudio.com\\\/download\\\/#breadcrumb\"},\"inLanguage\":\"de\",\"potentialAction\":[{\"@type\":\"ReadAction\",\"target\":[\"https:\\\/\\\/boiliemakerstudio.com\\\/download\\\/\"]}]},{\"@type\":\"BreadcrumbList\",\"@id\":\"https:\\\/\\\/boiliemakerstudio.com\\\/download\\\/#breadcrumb\",\"itemListElement\":[{\"@type\":\"ListItem\",\"position\":1,\"name\":\"Home\",\"item\":\"https:\\\/\\\/boiliemakerstudio.com\\\/\"},{\"@type\":\"ListItem\",\"position\":2,\"name\":\"Download\"}]},{\"@type\":\"WebSite\",\"@id\":\"https:\\\/\\\/boiliemakerstudio.com\\\/#website\",\"url\":\"https:\\\/\\\/boiliemakerstudio.com\\\/\",\"name\":\"Boilie Maker Studio\",\"description\":\"\",\"publisher\":{\"@id\":\"https:\\\/\\\/boiliemakerstudio.com\\\/#organization\"},\"potentialAction\":[{\"@type\":\"SearchAction\",\"target\":{\"@type\":\"EntryPoint\",\"urlTemplate\":\"https:\\\/\\\/boiliemakerstudio.com\\\/?s={search_term_string}\"},\"query-input\":{\"@type\":\"PropertyValueSpecification\",\"valueRequired\":true,\"valueName\":\"search_term_string\"}}],\"inLanguage\":\"de\"},{\"@type\":\"Organization\",\"@id\":\"https:\\\/\\\/boiliemakerstudio.com\\\/#organization\",\"name\":\"Boilie Maker Studio\",\"url\":\"https:\\\/\\\/boiliemakerstudio.com\\\/\",\"logo\":{\"@type\":\"ImageObject\",\"inLanguage\":\"de\",\"@id\":\"https:\\\/\\\/boiliemakerstudio.com\\\/#\\\/schema\\\/logo\\\/image\\\/\",\"url\":\"https:\\\/\\\/boiliemakerstudio.com\\\/wp-content\\\/uploads\\\/2026\\\/04\\\/cropped-bmst_logo-1.png\",\"contentUrl\":\"https:\\\/\\\/boiliemakerstudio.com\\\/wp-content\\\/uploads\\\/2026\\\/04\\\/cropped-bmst_logo-1.png\",\"width\":512,\"height\":512,\"caption\":\"Boilie Maker Studio\"},\"image\":{\"@id\":\"https:\\\/\\\/boiliemakerstudio.com\\\/#\\\/schema\\\/logo\\\/image\\\/\"}}]}<\/script>\n<!-- \/ Yoast SEO plugin. -->","yoast_head_json":{"title":"Download - Boilie Maker Studio","robots":{"index":"index","follow":"follow","max-snippet":"max-snippet:-1","max-image-preview":"max-image-preview:large","max-video-preview":"max-video-preview:-1"},"canonical":"https:\/\/boiliemakerstudio.com\/de\/download\/","og_locale":"de_DE","og_type":"article","og_title":"Download - Boilie Maker Studio","og_description":"Download Boilie Maker Studio The complete bait formulation and production platform. Download for windows Open Beta 0.9.2 \u2022 Windows 64-bit \u2022 Free during beta System Requirements Windows 10 or newer64-bit system4 GB RAM minimumInternet connection for updates Windows SmartScreen Notice Because Boilie Maker Studio is a new application and not yet digitally signed, Windows may&hellip;&nbsp;","og_url":"https:\/\/boiliemakerstudio.com\/de\/download\/","og_site_name":"Boilie Maker Studio","article_modified_time":"2026-04-14T17:50:36+00:00","twitter_card":"summary_large_image","twitter_misc":{"Gesch\u00e4tzte Lesezeit":"2\u00a0Minuten"},"schema":{"@context":"https:\/\/schema.org","@graph":[{"@type":"WebPage","@id":"https:\/\/boiliemakerstudio.com\/download\/","url":"https:\/\/boiliemakerstudio.com\/download\/","name":"Download - Boilie Maker Studio","isPartOf":{"@id":"https:\/\/boiliemakerstudio.com\/#website"},"datePublished":"2026-04-02T09:08:25+00:00","dateModified":"2026-04-14T17:50:36+00:00","breadcrumb":{"@id":"https:\/\/boiliemakerstudio.com\/download\/#breadcrumb"},"inLanguage":"de","potentialAction":[{"@type":"ReadAction","target":["https:\/\/boiliemakerstudio.com\/download\/"]}]},{"@type":"BreadcrumbList","@id":"https:\/\/boiliemakerstudio.com\/download\/#breadcrumb","itemListElement":[{"@type":"ListItem","position":1,"name":"Home","item":"https:\/\/boiliemakerstudio.com\/"},{"@type":"ListItem","position":2,"name":"Download"}]},{"@type":"WebSite","@id":"https:\/\/boiliemakerstudio.com\/#website","url":"https:\/\/boiliemakerstudio.com\/","name":"Boilie Maker Studio","description":"","publisher":{"@id":"https:\/\/boiliemakerstudio.com\/#organization"},"potentialAction":[{"@type":"SearchAction","target":{"@type":"EntryPoint","urlTemplate":"https:\/\/boiliemakerstudio.com\/?s={search_term_string}"},"query-input":{"@type":"PropertyValueSpecification","valueRequired":true,"valueName":"search_term_string"}}],"inLanguage":"de"},{"@type":"Organization","@id":"https:\/\/boiliemakerstudio.com\/#organization","name":"Boilie Maker Studio","url":"https:\/\/boiliemakerstudio.com\/","logo":{"@type":"ImageObject","inLanguage":"de","@id":"https:\/\/boiliemakerstudio.com\/#\/schema\/logo\/image\/","url":"https:\/\/boiliemakerstudio.com\/wp-content\/uploads\/2026\/04\/cropped-bmst_logo-1.png","contentUrl":"https:\/\/boiliemakerstudio.com\/wp-content\/uploads\/2026\/04\/cropped-bmst_logo-1.png","width":512,"height":512,"caption":"Boilie Maker Studio"},"image":{"@id":"https:\/\/boiliemakerstudio.com\/#\/schema\/logo\/image\/"}}]}},"_hostinger_reach_plugin_has_subscription_block":false,"_hostinger_reach_plugin_is_elementor":false,"_links":{"self":[{"href":"https:\/\/boiliemakerstudio.com\/de\/wp-json\/wp\/v2\/pages\/18","targetHints":{"allow":["GET"]}}],"collection":[{"href":"https:\/\/boiliemakerstudio.com\/de\/wp-json\/wp\/v2\/pages"}],"about":[{"href":"https:\/\/boiliemakerstudio.com\/de\/wp-json\/wp\/v2\/types\/page"}],"author":[{"embeddable":true,"href":"https:\/\/boiliemakerstudio.com\/de\/wp-json\/wp\/v2\/users\/1"}],"replies":[{"embeddable":true,"href":"https:\/\/boiliemakerstudio.com\/de\/wp-json\/wp\/v2\/comments?post=18"}],"version-history":[{"count":88,"href":"https:\/\/boiliemakerstudio.com\/de\/wp-json\/wp\/v2\/pages\/18\/revisions"}],"predecessor-version":[{"id":1410,"href":"https:\/\/boiliemakerstudio.com\/de\/wp-json\/wp\/v2\/pages\/18\/revisions\/1410"}],"wp:attachment":[{"href":"https:\/\/boiliemakerstudio.com\/de\/wp-json\/wp\/v2\/media?parent=18"}],"curies":[{"name":"wp","href":"https:\/\/api.w.org\/{rel}","templated":true}]}}