{"id":376,"date":"2026-04-02T21:04:34","date_gmt":"2026-04-02T21:04:34","guid":{"rendered":"https:\/\/mintcream-mole-779108.hostingersite.com\/?page_id=376"},"modified":"2026-04-07T21:45:46","modified_gmt":"2026-04-07T21:45:46","slug":"about","status":"publish","type":"page","link":"https:\/\/boiliemakerstudio.com\/de\/about\/","title":{"rendered":"\u00dcber"},"content":{"rendered":"<div data-elementor-type=\"wp-page\" data-elementor-id=\"376\" class=\"elementor elementor-376\">\n\t\t\t\t<div class=\"elementor-element elementor-element-cb47fe7 e-con-full animated-slow e-flex elementor-invisible e-con e-parent\" data-id=\"cb47fe7\" data-element_type=\"container\" data-e-type=\"container\" data-settings=\"{&quot;background_background&quot;:&quot;classic&quot;,&quot;animation_delay&quot;:500,&quot;animation&quot;:&quot;fadeIn&quot;}\">\n\t\t\t\t<div class=\"elementor-element elementor-element-a0909b0 elementor-widget elementor-widget-heading\" data-id=\"a0909b0\" data-element_type=\"widget\" data-e-type=\"widget\" data-widget_type=\"heading.default\">\n\t\t\t\t\t<h2 class=\"elementor-heading-title elementor-size-default\">Von K\u00f6derherstellern entworfen, f\u00fcr K\u00f6derhersteller.<\/h2>\t\t\t\t<\/div>\n\t\t\t\t<\/div>\n\t\t<div class=\"elementor-element elementor-element-648b485 e-flex e-con-boxed e-con e-parent\" data-id=\"648b485\" data-element_type=\"container\" data-e-type=\"container\" data-settings=\"{&quot;background_background&quot;:&quot;classic&quot;}\">\n\t\t\t\t\t<div class=\"e-con-inner\">\n\t\t<div class=\"elementor-element elementor-element-3e55a04 e-con-full e-transform e-flex e-con e-child\" data-id=\"3e55a04\" data-element_type=\"container\" data-e-type=\"container\" data-settings=\"{&quot;background_background&quot;:&quot;classic&quot;,&quot;_transform_scale_effect_hover&quot;:{&quot;unit&quot;:&quot;px&quot;,&quot;size&quot;:1.05,&quot;sizes&quot;:[]},&quot;_transform_scale_effect_hover_tablet&quot;:{&quot;unit&quot;:&quot;px&quot;,&quot;size&quot;:&quot;&quot;,&quot;sizes&quot;:[]},&quot;_transform_scale_effect_hover_mobile&quot;:{&quot;unit&quot;:&quot;px&quot;,&quot;size&quot;:&quot;&quot;,&quot;sizes&quot;:[]}}\">\n\t\t\t\t<div class=\"elementor-element elementor-element-34598cc elementor-widget elementor-widget-heading\" data-id=\"34598cc\" data-element_type=\"widget\" data-e-type=\"widget\" data-widget_type=\"heading.default\">\n\t\t\t\t\t<h2 class=\"elementor-heading-title elementor-size-default\">\u00dcber Boilie Maker Studio<\/h2>\t\t\t\t<\/div>\n\t\t\t\t<div class=\"elementor-element elementor-element-59e5a9b elementor-widget elementor-widget-text-editor\" data-id=\"59e5a9b\" data-element_type=\"widget\" data-e-type=\"widget\" data-widget_type=\"text-editor.default\">\n\t\t\t\t\t\t\t\t\t<p>Boilie Maker Studio ist eine Formulierungs- und Produktionsplattform, die f\u00fcr K\u00f6derhersteller entwickelt wurde, die die volle Kontrolle dar\u00fcber haben m\u00f6chten, wie ihre K\u00f6der erstellt, analysiert und produziert werden.<\/p><p>Es vereint Zutatenverwaltung, Rezeptentwicklung, Leistungsanalyse und Produktionsverfolgung in einem einzigen System, sodass Sie Ihre Idee mit Konsistenz und Pr\u00e4zision vom Konzept bis zum fertigen K\u00f6der umsetzen k\u00f6nnen.<\/p>\t\t\t\t\t\t\t\t<\/div>\n\t\t\t\t<\/div>\n\t\t\t\t\t<\/div>\n\t\t\t\t<\/div>\n\t\t<div class=\"elementor-element elementor-element-9aca9a3 e-flex e-con-boxed e-con e-parent\" data-id=\"9aca9a3\" data-element_type=\"container\" data-e-type=\"container\">\n\t\t\t\t\t<div class=\"e-con-inner\">\n\t\t<div class=\"elementor-element elementor-element-f1c8f43 e-con-full e-transform e-flex e-con e-child\" data-id=\"f1c8f43\" data-element_type=\"container\" data-e-type=\"container\" data-settings=\"{&quot;background_background&quot;:&quot;classic&quot;,&quot;_transform_scale_effect_hover&quot;:{&quot;unit&quot;:&quot;px&quot;,&quot;size&quot;:1.05,&quot;sizes&quot;:[]},&quot;_transform_scale_effect_hover_tablet&quot;:{&quot;unit&quot;:&quot;px&quot;,&quot;size&quot;:&quot;&quot;,&quot;sizes&quot;:[]},&quot;_transform_scale_effect_hover_mobile&quot;:{&quot;unit&quot;:&quot;px&quot;,&quot;size&quot;:&quot;&quot;,&quot;sizes&quot;:[]}}\">\n\t\t\t\t<div class=\"elementor-element elementor-element-0390a36 elementor-widget elementor-widget-heading\" data-id=\"0390a36\" data-element_type=\"widget\" data-e-type=\"widget\" data-widget_type=\"heading.default\">\n\t\t\t\t\t<h2 class=\"elementor-heading-title elementor-size-default\">F\u00fcr wen es gedacht ist<\/h2>\t\t\t\t<\/div>\n\t\t\t\t<div class=\"elementor-element elementor-element-1654b53 elementor-widget elementor-widget-text-editor\" data-id=\"1654b53\" data-element_type=\"widget\" data-e-type=\"widget\" data-widget_type=\"text-editor.default\">\n\t\t\t\t\t\t\t\t\t<p>Boilie Maker Studio wurde f\u00fcr ernsthafte Karpfenangler, K\u00f6derfirmen und fortgeschrittene Hobbyisten entwickelt, die \u00fcber das \u00fcbliche Versuch-und-Irrtum-Prinzip bei der K\u00f6derherstellung hinausgehen m\u00f6chten.<\/p><p>Es ist f\u00fcr Anwender konzipiert, die verstehen m\u00f6chten, wie sich Zutaten verhalten, wie Rezepte funktionieren und wie sich K\u00f6der unter realen Bedingungen zuverl\u00e4ssig herstellen lassen.<\/p>\t\t\t\t\t\t\t\t<\/div>\n\t\t\t\t<\/div>\n\t\t\t\t\t<\/div>\n\t\t\t\t<\/div>\n\t\t<div class=\"elementor-element elementor-element-3060254 e-flex e-con-boxed e-con e-parent\" data-id=\"3060254\" data-element_type=\"container\" data-e-type=\"container\">\n\t\t\t\t\t<div class=\"e-con-inner\">\n\t\t<div class=\"elementor-element elementor-element-c68bc19 e-con-full e-transform e-flex e-con e-child\" data-id=\"c68bc19\" data-element_type=\"container\" data-e-type=\"container\" data-settings=\"{&quot;background_background&quot;:&quot;classic&quot;,&quot;_transform_scale_effect_hover&quot;:{&quot;unit&quot;:&quot;px&quot;,&quot;size&quot;:1.05,&quot;sizes&quot;:[]},&quot;_transform_scale_effect_hover_tablet&quot;:{&quot;unit&quot;:&quot;px&quot;,&quot;size&quot;:&quot;&quot;,&quot;sizes&quot;:[]},&quot;_transform_scale_effect_hover_mobile&quot;:{&quot;unit&quot;:&quot;px&quot;,&quot;size&quot;:&quot;&quot;,&quot;sizes&quot;:[]}}\">\n\t\t\t\t<div class=\"elementor-element elementor-element-3a08213 elementor-widget elementor-widget-heading\" data-id=\"3a08213\" data-element_type=\"widget\" data-e-type=\"widget\" data-widget_type=\"heading.default\">\n\t\t\t\t\t<h2 class=\"elementor-heading-title elementor-size-default\">Was die Software leistet<\/h2>\t\t\t\t<\/div>\n\t\t\t\t<div class=\"elementor-element elementor-element-be406eb elementor-widget elementor-widget-text-editor\" data-id=\"be406eb\" data-element_type=\"widget\" data-e-type=\"widget\" data-widget_type=\"text-editor.default\">\n\t\t\t\t\t\t\t\t\t<p>Die Software erm\u00f6glicht es Ihnen, Rezepte mit einem strukturierten Zutaten\u00adsystem zu erstellen, Ihren Bestand und Ihre Kosten zu verfolgen und Formulierungen in reale Produktionschargen hochzuskalieren.<\/p><p>edes Rezept wird mithilfe der integrierten Intelligence Engine analysiert, die Struktur, Verdaulichkeit, Attraktivit\u00e4t, H\u00e4rte und die allgemeine K\u00f6derleistung auf Grundlage des Verhaltens der Zutaten bewertet.<\/p><p>Sie k\u00f6nnen verschiedene Rezepte vergleichen, simulieren, wie sich der K\u00f6der im Wasser verh\u00e4lt, und Formulierungen anhand spezifischer Ziele wie Attraktivit\u00e4t, Verdaulichkeit oder Struktur optimieren.<\/p><p>Mit den Produktionswerkzeugen k\u00f6nnen Sie Rezepte in Chargen umwandeln, den Zutatenverbrauch nachverfolgen und ein vollst\u00e4ndiges Produktionsprotokoll mit l\u00fcckenloser R\u00fcckverfolgbarkeit f\u00fchren.<\/p>\t\t\t\t\t\t\t\t<\/div>\n\t\t\t\t<\/div>\n\t\t\t\t\t<\/div>\n\t\t\t\t<\/div>\n\t\t<div class=\"elementor-element elementor-element-da09536 e-flex e-con-boxed e-con e-parent\" data-id=\"da09536\" data-element_type=\"container\" data-e-type=\"container\">\n\t\t\t\t\t<div class=\"e-con-inner\">\n\t\t<div class=\"elementor-element elementor-element-852b5d0 e-con-full e-flex e-con e-child\" data-id=\"852b5d0\" data-element_type=\"container\" data-e-type=\"container\" data-settings=\"{&quot;background_background&quot;:&quot;classic&quot;}\">\n\t\t\t\t<div class=\"elementor-element elementor-element-41a0b06 elementor-widget elementor-widget-heading\" data-id=\"41a0b06\" data-element_type=\"widget\" data-e-type=\"widget\" data-widget_type=\"heading.default\">\n\t\t\t\t\t<h2 class=\"elementor-heading-title elementor-size-default\">Warum ist es anders<\/h2>\t\t\t\t<\/div>\n\t\t\t\t<div class=\"elementor-element elementor-element-4575be5 elementor-widget elementor-widget-text-editor\" data-id=\"4575be5\" data-element_type=\"widget\" data-e-type=\"widget\" data-widget_type=\"text-editor.default\">\n\t\t\t\t\t\t\t\t\t<p>Boilie Maker Studio behandelt Zutaten nicht als blo\u00dfe Prozentwerte. Stattdessen versteht die Software, wie Zutaten innerhalb einer K\u00f6dermischung funktionieren.<\/p><p>Durch die Kombination von Zutatenintelligenz, Formulierungslogik und Produktionsablauf in einem einzigen System erm\u00f6glicht es K\u00f6derherstellern, konsistentere, besser vorhersehbare und effektivere K\u00f6der zu entwickeln.<\/p><p>Es basiert auf echten Prinzipien der K\u00f6derherstellung und ist dadurch ein praxisnahes Werkzeug statt nur einer reinen Rechen-App.<\/p>\t\t\t\t\t\t\t\t<\/div>\n\t\t\t\t<\/div>\n\t\t\t\t\t<\/div>\n\t\t\t\t<\/div>\n\t\t\t\t<\/div>","protected":false},"excerpt":{"rendered":"<p>Designed by bait makers, for bait makers. About Boilie Maker Studio Boilie Maker Studio is a formulation and production platform designed for bait makers who want full control over how their baits are created, analyzed, and produced. It combines ingredient management, recipe design, performance analysis, and production tracking into a single system, allowing you to&hellip;&nbsp;<\/p>","protected":false},"author":1,"featured_media":0,"parent":0,"menu_order":0,"comment_status":"closed","ping_status":"closed","template":"page-templates\/template-pagebuilder-full-width.php","meta":{"_monsterinsights_skip_tracking":false,"_monsterinsights_sitenote_active":false,"_monsterinsights_sitenote_note":"","_monsterinsights_sitenote_category":0,"_uf_show_specific_survey":0,"_uf_disable_surveys":false,"neve_meta_sidebar":"","neve_meta_container":"","neve_meta_enable_content_width":"","neve_meta_content_width":0,"neve_meta_title_alignment":"","neve_meta_author_avatar":"","neve_post_elements_order":"","neve_meta_disable_header":"","neve_meta_disable_footer":"","neve_meta_disable_title":"","footnotes":""},"class_list":["post-376","page","type-page","status-publish","hentry"],"yoast_head":"<!-- This site is optimized with the Yoast SEO plugin v27.3 - https:\/\/yoast.com\/product\/yoast-seo-wordpress\/ -->\n<title>About - Boilie Maker Studio<\/title>\n<meta name=\"robots\" content=\"index, follow, max-snippet:-1, max-image-preview:large, max-video-preview:-1\" \/>\n<link rel=\"canonical\" href=\"https:\/\/boiliemakerstudio.com\/de\/about\/\" \/>\n<meta property=\"og:locale\" content=\"de_DE\" \/>\n<meta property=\"og:type\" content=\"article\" \/>\n<meta property=\"og:title\" content=\"About - Boilie Maker Studio\" \/>\n<meta property=\"og:description\" content=\"Designed by bait makers, for bait makers. About Boilie Maker Studio Boilie Maker Studio is a formulation and production platform designed for bait makers who want full control over how their baits are created, analyzed, and produced. It combines ingredient management, recipe design, performance analysis, and production tracking into a single system, allowing you to&hellip;&nbsp;\" \/>\n<meta property=\"og:url\" content=\"https:\/\/boiliemakerstudio.com\/de\/about\/\" \/>\n<meta property=\"og:site_name\" content=\"Boilie Maker Studio\" \/>\n<meta property=\"article:publisher\" content=\"https:\/\/www.facebook.com\/share\/1KpQJix7Au\/\" \/>\n<meta property=\"article:modified_time\" content=\"2026-04-07T21:45:46+00:00\" \/>\n<meta name=\"twitter:card\" content=\"summary_large_image\" \/>\n<meta name=\"twitter:label1\" content=\"Gesch\u00e4tzte Lesezeit\" \/>\n\t<meta name=\"twitter:data1\" content=\"2\u00a0Minuten\" \/>\n<script type=\"application\/ld+json\" class=\"yoast-schema-graph\">{\"@context\":\"https:\\\/\\\/schema.org\",\"@graph\":[{\"@type\":\"WebPage\",\"@id\":\"https:\\\/\\\/boiliemakerstudio.com\\\/about\\\/\",\"url\":\"https:\\\/\\\/boiliemakerstudio.com\\\/about\\\/\",\"name\":\"About - Boilie Maker Studio\",\"isPartOf\":{\"@id\":\"https:\\\/\\\/boiliemakerstudio.com\\\/#website\"},\"datePublished\":\"2026-04-02T21:04:34+00:00\",\"dateModified\":\"2026-04-07T21:45:46+00:00\",\"breadcrumb\":{\"@id\":\"https:\\\/\\\/boiliemakerstudio.com\\\/about\\\/#breadcrumb\"},\"inLanguage\":\"de\",\"potentialAction\":[{\"@type\":\"ReadAction\",\"target\":[\"https:\\\/\\\/boiliemakerstudio.com\\\/about\\\/\"]}]},{\"@type\":\"BreadcrumbList\",\"@id\":\"https:\\\/\\\/boiliemakerstudio.com\\\/about\\\/#breadcrumb\",\"itemListElement\":[{\"@type\":\"ListItem\",\"position\":1,\"name\":\"Home\",\"item\":\"https:\\\/\\\/boiliemakerstudio.com\\\/\"},{\"@type\":\"ListItem\",\"position\":2,\"name\":\"About\"}]},{\"@type\":\"WebSite\",\"@id\":\"https:\\\/\\\/boiliemakerstudio.com\\\/#website\",\"url\":\"https:\\\/\\\/boiliemakerstudio.com\\\/\",\"name\":\"Boilie Maker Studio\",\"description\":\"\",\"publisher\":{\"@id\":\"https:\\\/\\\/boiliemakerstudio.com\\\/#organization\"},\"potentialAction\":[{\"@type\":\"SearchAction\",\"target\":{\"@type\":\"EntryPoint\",\"urlTemplate\":\"https:\\\/\\\/boiliemakerstudio.com\\\/?s={search_term_string}\"},\"query-input\":{\"@type\":\"PropertyValueSpecification\",\"valueRequired\":true,\"valueName\":\"search_term_string\"}}],\"inLanguage\":\"de\"},{\"@type\":\"Organization\",\"@id\":\"https:\\\/\\\/boiliemakerstudio.com\\\/#organization\",\"name\":\"Boilie Maker Studio\",\"url\":\"https:\\\/\\\/boiliemakerstudio.com\\\/\",\"logo\":{\"@type\":\"ImageObject\",\"inLanguage\":\"de\",\"@id\":\"https:\\\/\\\/boiliemakerstudio.com\\\/#\\\/schema\\\/logo\\\/image\\\/\",\"url\":\"https:\\\/\\\/boiliemakerstudio.com\\\/wp-content\\\/uploads\\\/2026\\\/04\\\/cropped-bmst_logo-1.png\",\"contentUrl\":\"https:\\\/\\\/boiliemakerstudio.com\\\/wp-content\\\/uploads\\\/2026\\\/04\\\/cropped-bmst_logo-1.png\",\"width\":512,\"height\":512,\"caption\":\"Boilie Maker Studio\"},\"image\":{\"@id\":\"https:\\\/\\\/boiliemakerstudio.com\\\/#\\\/schema\\\/logo\\\/image\\\/\"},\"sameAs\":[\"https:\\\/\\\/www.facebook.com\\\/share\\\/1KpQJix7Au\\\/\",\"https:\\\/\\\/www.instagram.com\\\/boiliemakerstudio\"]}]}<\/script>\n<!-- \/ Yoast SEO plugin. -->","yoast_head_json":{"title":"About - Boilie Maker Studio","robots":{"index":"index","follow":"follow","max-snippet":"max-snippet:-1","max-image-preview":"max-image-preview:large","max-video-preview":"max-video-preview:-1"},"canonical":"https:\/\/boiliemakerstudio.com\/de\/about\/","og_locale":"de_DE","og_type":"article","og_title":"About - Boilie Maker Studio","og_description":"Designed by bait makers, for bait makers. About Boilie Maker Studio Boilie Maker Studio is a formulation and production platform designed for bait makers who want full control over how their baits are created, analyzed, and produced. It combines ingredient management, recipe design, performance analysis, and production tracking into a single system, allowing you to&hellip;&nbsp;","og_url":"https:\/\/boiliemakerstudio.com\/de\/about\/","og_site_name":"Boilie Maker Studio","article_publisher":"https:\/\/www.facebook.com\/share\/1KpQJix7Au\/","article_modified_time":"2026-04-07T21:45:46+00:00","twitter_card":"summary_large_image","twitter_misc":{"Gesch\u00e4tzte Lesezeit":"2\u00a0Minuten"},"schema":{"@context":"https:\/\/schema.org","@graph":[{"@type":"WebPage","@id":"https:\/\/boiliemakerstudio.com\/about\/","url":"https:\/\/boiliemakerstudio.com\/about\/","name":"About - Boilie Maker Studio","isPartOf":{"@id":"https:\/\/boiliemakerstudio.com\/#website"},"datePublished":"2026-04-02T21:04:34+00:00","dateModified":"2026-04-07T21:45:46+00:00","breadcrumb":{"@id":"https:\/\/boiliemakerstudio.com\/about\/#breadcrumb"},"inLanguage":"de","potentialAction":[{"@type":"ReadAction","target":["https:\/\/boiliemakerstudio.com\/about\/"]}]},{"@type":"BreadcrumbList","@id":"https:\/\/boiliemakerstudio.com\/about\/#breadcrumb","itemListElement":[{"@type":"ListItem","position":1,"name":"Home","item":"https:\/\/boiliemakerstudio.com\/"},{"@type":"ListItem","position":2,"name":"About"}]},{"@type":"WebSite","@id":"https:\/\/boiliemakerstudio.com\/#website","url":"https:\/\/boiliemakerstudio.com\/","name":"Boilie Maker Studio","description":"","publisher":{"@id":"https:\/\/boiliemakerstudio.com\/#organization"},"potentialAction":[{"@type":"SearchAction","target":{"@type":"EntryPoint","urlTemplate":"https:\/\/boiliemakerstudio.com\/?s={search_term_string}"},"query-input":{"@type":"PropertyValueSpecification","valueRequired":true,"valueName":"search_term_string"}}],"inLanguage":"de"},{"@type":"Organization","@id":"https:\/\/boiliemakerstudio.com\/#organization","name":"Boilie Maker Studio","url":"https:\/\/boiliemakerstudio.com\/","logo":{"@type":"ImageObject","inLanguage":"de","@id":"https:\/\/boiliemakerstudio.com\/#\/schema\/logo\/image\/","url":"https:\/\/boiliemakerstudio.com\/wp-content\/uploads\/2026\/04\/cropped-bmst_logo-1.png","contentUrl":"https:\/\/boiliemakerstudio.com\/wp-content\/uploads\/2026\/04\/cropped-bmst_logo-1.png","width":512,"height":512,"caption":"Boilie Maker Studio"},"image":{"@id":"https:\/\/boiliemakerstudio.com\/#\/schema\/logo\/image\/"},"sameAs":["https:\/\/www.facebook.com\/share\/1KpQJix7Au\/","https:\/\/www.instagram.com\/boiliemakerstudio"]}]}},"_hostinger_reach_plugin_has_subscription_block":false,"_hostinger_reach_plugin_is_elementor":false,"_links":{"self":[{"href":"https:\/\/boiliemakerstudio.com\/de\/wp-json\/wp\/v2\/pages\/376","targetHints":{"allow":["GET"]}}],"collection":[{"href":"https:\/\/boiliemakerstudio.com\/de\/wp-json\/wp\/v2\/pages"}],"about":[{"href":"https:\/\/boiliemakerstudio.com\/de\/wp-json\/wp\/v2\/types\/page"}],"author":[{"embeddable":true,"href":"https:\/\/boiliemakerstudio.com\/de\/wp-json\/wp\/v2\/users\/1"}],"replies":[{"embeddable":true,"href":"https:\/\/boiliemakerstudio.com\/de\/wp-json\/wp\/v2\/comments?post=376"}],"version-history":[{"count":55,"href":"https:\/\/boiliemakerstudio.com\/de\/wp-json\/wp\/v2\/pages\/376\/revisions"}],"predecessor-version":[{"id":956,"href":"https:\/\/boiliemakerstudio.com\/de\/wp-json\/wp\/v2\/pages\/376\/revisions\/956"}],"wp:attachment":[{"href":"https:\/\/boiliemakerstudio.com\/de\/wp-json\/wp\/v2\/media?parent=376"}],"curies":[{"name":"wp","href":"https:\/\/api.w.org\/{rel}","templated":true}]}}